{"id":903,"date":"2024-11-01T14:48:05","date_gmt":"2024-11-01T18:48:05","guid":{"rendered":"https:\/\/gonzalezfoundation.com\/?page_id=903"},"modified":"2024-11-20T13:10:08","modified_gmt":"2024-11-20T17:10:08","slug":"privacy-statement","status":"publish","type":"page","link":"https:\/\/gonzalezfoundation.com\/es\/privacy-statement\/","title":{"rendered":"Declaraci\u00f3n de confidencialidad"},"content":{"rendered":"<div data-elementor-type=\"wp-page\" data-elementor-id=\"903\" class=\"elementor elementor-903\" data-elementor-post-type=\"page\">\n\t\t\t\t<div class=\"elementor-element elementor-element-691d730 e-flex e-con-boxed e-con e-parent\" data-id=\"691d730\" data-element_type=\"container\" data-e-type=\"container\" data-settings=\"{&quot;background_background&quot;:&quot;classic&quot;}\">\n\t\t\t\t\t<div class=\"e-con-inner\">\n\t\t<div class=\"elementor-element elementor-element-08955a3 e-con-full e-flex e-con e-child\" data-id=\"08955a3\" data-element_type=\"container\" data-e-type=\"container\" data-settings=\"{&quot;background_background&quot;:&quot;classic&quot;}\">\n\t\t\t\t<div class=\"elementor-element elementor-element-ca82901 elementor-icon-list--layout-traditional elementor-list-item-link-full_width elementor-widget elementor-widget-icon-list\" data-id=\"ca82901\" data-element_type=\"widget\" data-e-type=\"widget\" data-widget_type=\"icon-list.default\">\n\t\t\t\t\t\t\t<ul class=\"elementor-icon-list-items\">\n\t\t\t\t\t\t\t<li class=\"elementor-icon-list-item\">\n\t\t\t\t\t\t\t\t\t\t\t<span class=\"elementor-icon-list-icon\">\n\t\t\t\t\t\t\t<svg aria-hidden=\"true\" class=\"e-font-icon-svg e-fas-check\" viewbox=\"0 0 512 512\" xmlns=\"http:\/\/www.w3.org\/2000\/svg\"><path d=\"M173.898 439.404l-166.4-166.4c-9.997-9.997-9.997-26.206 0-36.204l36.203-36.204c9.997-9.998 26.207-9.998 36.204 0L192 312.69 432.095 72.596c9.997-9.997 26.207-9.997 36.204 0l36.203 36.204c9.997 9.997 9.997 26.206 0 36.204l-294.4 294.401c-9.998 9.997-26.207 9.997-36.204-.001z\"><\/path><\/svg>\t\t\t\t\t\t<\/span>\n\t\t\t\t\t\t\t\t\t\t<span class=\"elementor-icon-list-text\">\u00daltima actualizaci\u00f3n: noviembre 2024<\/span>\n\t\t\t\t\t\t\t\t\t<\/li>\n\t\t\t\t\t\t<\/ul>\n\t\t\t\t\t\t<\/div>\n\t\t\t\t<div class=\"elementor-element elementor-element-fe8cc80 elementor-widget elementor-widget-text-editor\" data-id=\"fe8cc80\" data-element_type=\"widget\" data-e-type=\"widget\" data-widget_type=\"text-editor.default\">\n\t\t\t\t\t\t\t\t\t<p>En la Fundaci\u00f3n Gonz\u00e1lez, <strong>nos tomamos muy en serio la privacidad de nuestros seguidores<\/strong>. No alquilamos, vendemos ni intercambiamos nuestras listas de correo, ni revelamos informaci\u00f3n personal a terceros, excepto cuando lo exige la ley o mediante la cooperaci\u00f3n voluntaria con las fuerzas de seguridad para evitar da\u00f1os. En algunos casos, podemos compartir su informaci\u00f3n de contacto con socios de confianza, que la tratar\u00e1n de acuerdo con sus pol\u00edticas de privacidad.<\/p><p>Utilizamos sus datos de contacto para mantenerle informado sobre nuestros programas y eventos. Si desea dejar de recibir nuestras comunicaciones, p\u00f3ngase en contacto con nosotros por correo electr\u00f3nico o por tel\u00e9fono y le eliminaremos de nuestra lista de correo.<\/p><p>Nuestra dedicaci\u00f3n a <strong>transparencia y eficacia se ha ganado la confianza<\/strong> de donantes e instituciones por igual. Mantenemos con orgullo uno de los <strong>las tasas de gastos operativos m\u00e1s bajas del sector no lucrativo<\/strong>De este modo, una mayor parte de sus contribuciones se destina directamente a los ni\u00f1os que m\u00e1s lo necesitan.\u00a0<\/p><h3>Descargo de responsabilidad de la organizaci\u00f3n<\/h3><p>La Fundaci\u00f3n Gonz\u00e1lez es una organizaci\u00f3n registrada sin \u00e1nimo de lucro dedicada a potenciar a las comunidades desfavorecidas mediante el apoyo educativo y el acceso a recursos vitales. Sin embargo, <strong>no somos un proveedor de asistencia sanitaria, hospital o cl\u00ednica. Tampoco somos una instituci\u00f3n acad\u00e9mica ni una escuela.<\/strong> Nuestras iniciativas se centran exclusivamente en apoyar a las comunidades mediante esfuerzos, asociaciones y recursos sin \u00e1nimo de lucro.<\/p><p>Utilizamos su informaci\u00f3n de contacto para mantenerle informado sobre nuestros programas y eventos. Si desea dejar de recibir nuestras comunicaciones, p\u00f3ngase en contacto con nosotros por correo electr\u00f3nico o por tel\u00e9fono y le eliminaremos de nuestra lista de correo.<\/p><p>Nuestra dedicaci\u00f3n a la transparencia y la eficiencia nos ha granjeado la confianza de donantes e instituciones por igual. Mantenemos con orgullo una de las tasas de gastos operativos m\u00e1s bajas del sector no lucrativo, lo que permite que una mayor parte de sus aportaciones se destine directamente a los ni\u00f1os que m\u00e1s lo necesitan.<\/p><p><span style=\"background-color: var( --e-global-color-c90c6a5 ); text-align: var(--text-align); color: var( --e-global-color-text ); font-family: var( --e-global-typography-3475a0d-font-family ), -apple-system, BlinkMacSystemFont, 'Segoe UI', Roboto, 'Inter', 'Noto Sans', Tohama, Arial, sans-serif; font-size: var( --e-global-typography-3475a0d-font-size ); font-weight: var( --e-global-typography-3475a0d-font-weight ); letter-spacing: var( --e-global-typography-3475a0d-letter-spacing ); word-spacing: var( --e-global-typography-3475a0d-word-spacing );\">Como siempre decimos, <\/span><strong style=\"background-color: var( --e-global-color-c90c6a5 ); text-align: var(--text-align); color: var( --e-global-color-text ); font-family: var( --e-global-typography-3475a0d-font-family ), -apple-system, BlinkMacSystemFont, 'Segoe UI', Roboto, 'Inter', 'Noto Sans', Tohama, Arial, sans-serif; font-size: var( --e-global-typography-3475a0d-font-size ); letter-spacing: var( --e-global-typography-3475a0d-letter-spacing ); word-spacing: var( --e-global-typography-3475a0d-word-spacing );\">\"Donde las peque\u00f1as vidas encuentran esperanza y curan su alma. Juntos, podemos hacer m\u00e1s\".<\/strong><\/p>\t\t\t\t\t\t\t\t<\/div>\n\t\t\t\t<div class=\"elementor-element elementor-element-b7a9252 elementor-widget elementor-widget-heading\" data-id=\"b7a9252\" data-element_type=\"widget\" data-e-type=\"widget\" data-widget_type=\"heading.default\">\n\t\t\t\t\t<h2 class=\"elementor-heading-title elementor-size-default\">Pol\u00edtica de privacidad de la web<\/h2>\t\t\t\t<\/div>\n\t\t\t\t<div class=\"elementor-element elementor-element-7cd9fb9 elementor-widget elementor-widget-text-editor\" data-id=\"7cd9fb9\" data-element_type=\"widget\" data-e-type=\"widget\" data-widget_type=\"text-editor.default\">\n\t\t\t\t\t\t\t\t\t<p>Esta pol\u00edtica de privacidad describe las pr\u00e1cticas de la Fundaci\u00f3n Gonz\u00e1lez en relaci\u00f3n con la recopilaci\u00f3n, el uso y la divulgaci\u00f3n de informaci\u00f3n personal en relaci\u00f3n con nuestro sitio web.<\/p><h2>1. Informaci\u00f3n que recopilamos:<\/h2><p>Podemos recoger y procesar los siguientes tipos de informaci\u00f3n:<\/p><ul><li>Informaci\u00f3n personal: Esto incluye nombres, informaci\u00f3n de contacto y otros detalles de identificaci\u00f3n personal.<\/li><li>Datos de mensajer\u00eda: En el contexto de los servicios de mensajer\u00eda, podemos recopilar y almacenar el contenido de los mensajes, informaci\u00f3n sobre el remitente y el destinatario, y datos relacionados.<\/li><li>Informaci\u00f3n de uso: Podemos recopilar informaci\u00f3n sobre c\u00f3mo utiliza nuestros servicios, como archivos de registro, direcciones IP, informaci\u00f3n del dispositivo y otros datos anal\u00edticos.<\/li><\/ul><h2>2. C\u00f3mo recopilamos la informaci\u00f3n:<\/h2><p>El n\u00famero de tel\u00e9fono se recopila a trav\u00e9s del sitio web\/formulario web\/p\u00e1gina de contacto de la marca \"CONSENTIMIENTO OPT-IN: Al enviar su n\u00famero de tel\u00e9fono, autoriza a que se le env\u00eden mensajes de texto y notificaciones.\"<\/p><h2>3. C\u00f3mo utilizamos su informaci\u00f3n:<\/h2><ul><li>Utilizamos la informaci\u00f3n que recopilamos para diversos fines, entre ellos:<\/li><li>Prestaci\u00f3n y mantenimiento de nuestros servicios.<\/li><li>Mejorar, personalizar y desarrollar nuevas funciones.<\/li><li>Analizar las pautas y tendencias de uso.<\/li><\/ul><h2>4. Intercambio de datos:<\/h2><p>Podemos compartir su informaci\u00f3n con terceros en las siguientes circunstancias:<\/p><p>- Para cumplir obligaciones legales.<\/p><p>- Para proteger nuestros derechos o los derechos de terceros.<\/p><p><strong>\"No se compartir\u00e1 informaci\u00f3n m\u00f3vil con terceros\/afiliados con fines de marketing\/promocionales. Todas las dem\u00e1s categor\u00edas excluyen los datos y el consentimiento del emisor de los mensajes de texto; esta informaci\u00f3n no se compartir\u00e1 con terceros.\"<\/strong><\/p><h2>5. Sus opciones:<\/h2><p>Usted tiene opciones en cuanto a la informaci\u00f3n que recopilamos y c\u00f3mo se utiliza, incluida la posibilidad de optar por no participar en la recopilaci\u00f3n de determinados datos.<\/p><h2>6. Seguridad:<\/h2><p>Aplicamos medidas razonables para proteger su informaci\u00f3n contra el acceso o la divulgaci\u00f3n no autorizados.<\/p><h2>7. Cambios en esta Pol\u00edtica de Privacidad:<\/h2><p>Podemos actualizar esta Pol\u00edtica de Privacidad de vez en cuando, y cualquier cambio se publicar\u00e1 en esta p\u00e1gina con una fecha actualizada.<\/p><h2>8. P\u00f3ngase en contacto con nosotros:<\/h2><p>Si tiene alguna pregunta o duda sobre esta Pol\u00edtica de privacidad o nuestras pr\u00e1cticas, p\u00f3ngase en contacto con nosotros <a href=\"https:\/\/gonzalezfoundation.com\/es\/contact-us\/\">aqu\u00ed<\/a><\/p>\t\t\t\t\t\t\t\t<\/div>\n\t\t\t\t<div class=\"elementor-element elementor-element-14eaa2a elementor-widget elementor-widget-theme-site-logo elementor-widget-image\" data-id=\"14eaa2a\" data-element_type=\"widget\" data-e-type=\"widget\" data-widget_type=\"theme-site-logo.default\">\n\t\t\t\t\t\t\t\t\t\t\t<a href=\"https:\/\/gonzalezfoundation.com\/es\">\n\t\t\t<img fetchpriority=\"high\" decoding=\"async\" width=\"1501\" height=\"513\" src=\"https:\/\/gonzalezfoundation.com\/wp-content\/uploads\/2024\/10\/Logo.png\" class=\"attachment-full size-full wp-image-535\" alt=\"\" srcset=\"https:\/\/gonzalezfoundation.com\/wp-content\/uploads\/2024\/10\/Logo.png 1501w, https:\/\/gonzalezfoundation.com\/wp-content\/uploads\/2024\/10\/Logo-300x103.png 300w, https:\/\/gonzalezfoundation.com\/wp-content\/uploads\/2024\/10\/Logo-1024x350.png 1024w, https:\/\/gonzalezfoundation.com\/wp-content\/uploads\/2024\/10\/Logo-768x262.png 768w\" sizes=\"(max-width: 1501px) 100vw, 1501px\" \/>\t\t\t\t<\/a>\n\t\t\t\t\t\t\t\t\t\t\t<\/div>\n\t\t\t\t<\/div>\n\t\t\t\t\t<\/div>\n\t\t\t\t<\/div>\n\t\t\t\t<\/div>","protected":false},"excerpt":{"rendered":"<p>At The Gonzalez Foundation, we take the privacy of our supporters very seriously. We do not rent, sell, or exchange our mailing lists, nor do we disclose personal information to third parties, except as required by law or through voluntary cooperation with law enforcement to prevent harm. In some cases, we may share your contact [&hellip;]<\/p>\n","protected":false},"author":1,"featured_media":0,"parent":0,"menu_order":0,"comment_status":"closed","ping_status":"closed","template":"","meta":{"footnotes":""},"class_list":["post-903","page","type-page","status-publish","hentry"],"_links":{"self":[{"href":"https:\/\/gonzalezfoundation.com\/es\/wp-json\/wp\/v2\/pages\/903","targetHints":{"allow":["GET"]}}],"collection":[{"href":"https:\/\/gonzalezfoundation.com\/es\/wp-json\/wp\/v2\/pages"}],"about":[{"href":"https:\/\/gonzalezfoundation.com\/es\/wp-json\/wp\/v2\/types\/page"}],"author":[{"embeddable":true,"href":"https:\/\/gonzalezfoundation.com\/es\/wp-json\/wp\/v2\/users\/1"}],"replies":[{"embeddable":true,"href":"https:\/\/gonzalezfoundation.com\/es\/wp-json\/wp\/v2\/comments?post=903"}],"version-history":[{"count":19,"href":"https:\/\/gonzalezfoundation.com\/es\/wp-json\/wp\/v2\/pages\/903\/revisions"}],"predecessor-version":[{"id":1486,"href":"https:\/\/gonzalezfoundation.com\/es\/wp-json\/wp\/v2\/pages\/903\/revisions\/1486"}],"wp:attachment":[{"href":"https:\/\/gonzalezfoundation.com\/es\/wp-json\/wp\/v2\/media?parent=903"}],"curies":[{"name":"wp","href":"https:\/\/api.w.org\/{rel}","templated":true}]}}