{"id":879,"date":"2024-11-01T14:05:33","date_gmt":"2024-11-01T18:05:33","guid":{"rendered":"https:\/\/gonzalezfoundation.com\/?page_id=879"},"modified":"2024-11-06T10:29:18","modified_gmt":"2024-11-06T14:29:18","slug":"donate","status":"publish","type":"page","link":"https:\/\/gonzalezfoundation.com\/es\/donate\/","title":{"rendered":"Donar"},"content":{"rendered":"<div data-elementor-type=\"wp-page\" data-elementor-id=\"879\" class=\"elementor elementor-879\" data-elementor-post-type=\"page\">\n\t\t\t\t<div class=\"elementor-element elementor-element-4560d5a e-flex e-con-boxed e-con e-parent\" data-id=\"4560d5a\" data-element_type=\"container\" data-e-type=\"container\" data-settings=\"{&quot;background_background&quot;:&quot;classic&quot;}\">\n\t\t\t\t\t<div class=\"e-con-inner\">\n\t\t<div class=\"elementor-element elementor-element-099c19f e-con-full e-flex e-con e-child\" data-id=\"099c19f\" data-element_type=\"container\" data-e-type=\"container\">\n\t\t\t\t<div class=\"elementor-element elementor-element-d06d393 elementor-widget elementor-widget-heading\" data-id=\"d06d393\" data-element_type=\"widget\" data-e-type=\"widget\" data-widget_type=\"heading.default\">\n\t\t\t\t\t<h6 class=\"elementor-heading-title elementor-size-default\">Gracias por su apoyo<\/h6>\t\t\t\t<\/div>\n\t\t\t\t<div class=\"elementor-element elementor-element-b36286d elementor-invisible elementor-widget elementor-widget-heading\" data-id=\"b36286d\" data-element_type=\"widget\" data-e-type=\"widget\" data-settings=\"{&quot;_animation&quot;:&quot;zoomIn&quot;}\" data-widget_type=\"heading.default\">\n\t\t\t\t\t<h1 class=\"elementor-heading-title elementor-size-default\">Done ahora y forme parte de una comunidad que cree en un futuro mejor para todos los ni\u00f1os.<\/h1>\t\t\t\t<\/div>\n\t\t\t\t<div class=\"elementor-element elementor-element-2c28d69 elementor-invisible elementor-widget elementor-widget-text-editor\" data-id=\"2c28d69\" data-element_type=\"widget\" data-e-type=\"widget\" data-settings=\"{&quot;_animation&quot;:&quot;fadeIn&quot;}\" data-widget_type=\"text-editor.default\">\n\t\t\t\t\t\t\t\t\t<p>Ya sea un donativo \u00fanico, una donaci\u00f3n peri\u00f3dica o una colaboraci\u00f3n empresarial, cada contribuci\u00f3n nos acerca un paso m\u00e1s a la construcci\u00f3n de un mundo en el que ning\u00fan ni\u00f1o se quede atr\u00e1s.<\/p>\t\t\t\t\t\t\t\t<\/div>\n\t\t\t\t<\/div>\n\t\t<div class=\"elementor-element elementor-element-3c659bd e-con-full e-flex elementor-invisible e-con e-child\" data-id=\"3c659bd\" data-element_type=\"container\" data-e-type=\"container\" data-settings=\"{&quot;background_background&quot;:&quot;classic&quot;,&quot;animation&quot;:&quot;fadeInRight&quot;,&quot;animation_tablet&quot;:&quot;fadeInUp&quot;}\">\n\t\t\t\t<div class=\"elementor-element elementor-element-5c711d5 elementor-widget__width-inherit elementor-widget elementor-widget-html\" data-id=\"5c711d5\" data-element_type=\"widget\" data-e-type=\"widget\" data-widget_type=\"html.default\">\n\t\t\t\t\t<script src=\"https:\/\/donorbox.org\/widget.js\" paypalExpress=\"true\"><\/script><iframe src=\"https:\/\/donorbox.org\/embed\/gonzalez-foundation?default_interval=o&hide_donation_meter=true\" name=\"donorbox\" allowpaymentrequest=\"allowpaymentrequest\" seamless=\"seamless\" frameborder=\"0\" scrolling=\"no\" height=\"900px\" width=\"100%\" style=\"max-width: 1000px; min-width: 250px; max-height:none !important\" allow=\"payment\"><\/iframe>\t\t\t\t<\/div>\n\t\t\t\t<\/div>\n\t\t\t\t\t<\/div>\n\t\t\t\t<\/div>\n\t\t<div class=\"elementor-element elementor-element-5449852 e-flex e-con-boxed e-con e-parent\" data-id=\"5449852\" data-element_type=\"container\" data-e-type=\"container\" data-settings=\"{&quot;background_background&quot;:&quot;classic&quot;}\">\n\t\t\t\t\t<div class=\"e-con-inner\">\n\t\t\t\t<div class=\"elementor-element elementor-element-3059bb9 elementor-invisible elementor-widget elementor-widget-icon-box\" data-id=\"3059bb9\" data-element_type=\"widget\" data-e-type=\"widget\" data-settings=\"{&quot;_animation&quot;:&quot;fadeInUp&quot;}\" data-widget_type=\"icon-box.default\">\n\t\t\t\t\t\t\t<div class=\"elementor-icon-box-wrapper\">\n\n\t\t\t\n\t\t\t\t\t\t<div class=\"elementor-icon-box-content\">\n\n\t\t\t\t\t\t\t\t\t<h3 class=\"elementor-icon-box-title\">\n\t\t\t\t\t\t<span  >\n\t\t\t\t\t\t\tSu donaci\u00f3n es deducible de impuestos\t\t\t\t\t\t<\/span>\n\t\t\t\t\t<\/h3>\n\t\t\t\t\n\t\t\t\t\t\t\t\t\t<p class=\"elementor-icon-box-description\">\n\t\t\t\t\t\tSu donaci\u00f3n es deducible de impuestos y proporcionar\u00e1 fondos esenciales para apoyar a los ni\u00f1os necesitados de atenci\u00f3n m\u00e9dica, educaci\u00f3n y seguridad alimentaria a trav\u00e9s de los programas de la Fundaci\u00f3n Gonz\u00e1lez. Ya sea que decida hacer una donaci\u00f3n \u00fanica o convertirse en un donante mensual, su generosidad contribuir\u00e1 directamente a marcar una diferencia duradera en la vida de un ni\u00f1o.\t\t\t\t\t<\/p>\n\t\t\t\t\n\t\t\t<\/div>\n\t\t\t\n\t\t<\/div>\n\t\t\t\t\t\t<\/div>\n\t\t\t\t<div class=\"elementor-element elementor-element-fa1fe70 elementor-widget elementor-widget-heading\" data-id=\"fa1fe70\" data-element_type=\"widget\" data-e-type=\"widget\" data-widget_type=\"heading.default\">\n\t\t\t\t\t<h2 class=\"elementor-heading-title elementor-size-default\">Asociaciones empresariales y donaciones institucionales<\/h2>\t\t\t\t<\/div>\n\t\t\t\t<div class=\"elementor-element elementor-element-8b33b2b elementor-widget elementor-widget-text-editor\" data-id=\"8b33b2b\" data-element_type=\"widget\" data-e-type=\"widget\" data-widget_type=\"text-editor.default\">\n\t\t\t\t\t\t\t\t\t<p>Si representa a una empresa o instituci\u00f3n, tiene poder para hacer un <strong>impacto significativo<\/strong>. As\u00f3ciese con nosotros para impulsar el cambio a mayor escala. A trav\u00e9s de donaciones de empresas, patrocinios o subvenciones institucionales de mayor cuant\u00eda, usted puede ayudar a <strong>La Fundaci\u00f3n Gonz\u00e1lez<\/strong> ampliar nuestros programas y crear oportunidades duraderas para los ni\u00f1os necesitados. Su organizaci\u00f3n puede convertirse en l\u00edder de la responsabilidad social, ayud\u00e1ndonos a transformar el futuro de los ni\u00f1os de todo el mundo.<\/p>\t\t\t\t\t\t\t\t<\/div>\n\t\t\t\t<div class=\"elementor-element elementor-element-df29f95 elementor-align-center elementor-widget elementor-widget-button\" data-id=\"df29f95\" data-element_type=\"widget\" data-e-type=\"widget\" data-widget_type=\"button.default\">\n\t\t\t\t\t\t\t\t\t\t<a class=\"elementor-button elementor-button-link elementor-size-sm\" href=\"#elementor-action%3Aaction%3Dpopup%3Aopen%26settings%3DeyJpZCI6Ijg1MSIsInRvZ2dsZSI6ZmFsc2V9\">\n\t\t\t\t\t\t<span class=\"elementor-button-content-wrapper\">\n\t\t\t\t\t\t\t\t\t<span class=\"elementor-button-text\">P\u00f3ngase en contacto con nosotros<\/span>\n\t\t\t\t\t<\/span>\n\t\t\t\t\t<\/a>\n\t\t\t\t\t\t\t\t<\/div>\n\t\t\t\t<div class=\"elementor-element elementor-element-307f54c elementor-widget elementor-widget-heading\" data-id=\"307f54c\" data-element_type=\"widget\" data-e-type=\"widget\" data-widget_type=\"heading.default\">\n\t\t\t\t\t<h4 class=\"elementor-heading-title elementor-size-default\">Gracias por ayudarnos a crear un futuro mejor. \u00a1Juntos podemos hacer m\u00e1s!<\/h4>\t\t\t\t<\/div>\n\t\t\t\t\t<\/div>\n\t\t\t\t<\/div>\n\t\t\t\t<\/div>","protected":false},"excerpt":{"rendered":"<p>Thank you for your support Donate now and become part of a community that believes in a brighter future for all children. Whether it\u2019s a one-time gift, a recurring donation, or a corporate partnership, every contribution brings us one step closer to building a world where no child is left behind. Your Donation is Tax [&hellip;]<\/p>\n","protected":false},"author":1,"featured_media":0,"parent":0,"menu_order":0,"comment_status":"closed","ping_status":"closed","template":"","meta":{"footnotes":""},"class_list":["post-879","page","type-page","status-publish","hentry"],"_links":{"self":[{"href":"https:\/\/gonzalezfoundation.com\/es\/wp-json\/wp\/v2\/pages\/879","targetHints":{"allow":["GET"]}}],"collection":[{"href":"https:\/\/gonzalezfoundation.com\/es\/wp-json\/wp\/v2\/pages"}],"about":[{"href":"https:\/\/gonzalezfoundation.com\/es\/wp-json\/wp\/v2\/types\/page"}],"author":[{"embeddable":true,"href":"https:\/\/gonzalezfoundation.com\/es\/wp-json\/wp\/v2\/users\/1"}],"replies":[{"embeddable":true,"href":"https:\/\/gonzalezfoundation.com\/es\/wp-json\/wp\/v2\/comments?post=879"}],"version-history":[{"count":26,"href":"https:\/\/gonzalezfoundation.com\/es\/wp-json\/wp\/v2\/pages\/879\/revisions"}],"predecessor-version":[{"id":1663,"href":"https:\/\/gonzalezfoundation.com\/es\/wp-json\/wp\/v2\/pages\/879\/revisions\/1663"}],"wp:attachment":[{"href":"https:\/\/gonzalezfoundation.com\/es\/wp-json\/wp\/v2\/media?parent=879"}],"curies":[{"name":"wp","href":"https:\/\/api.w.org\/{rel}","templated":true}]}}